{"id":783,"date":"2024-05-29T04:25:59","date_gmt":"2024-05-29T04:25:59","guid":{"rendered":"https:\/\/escueladecinemza.com.ar\/web\/?page_id=783"},"modified":"2026-04-16T19:31:22","modified_gmt":"2026-04-16T19:31:22","slug":"783-2","status":"publish","type":"page","link":"https:\/\/escueladecinemza.com.ar\/web\/783-2\/","title":{"rendered":"Fotograf\u00eda Profesional a Distancia"},"content":{"rendered":"\n<p class=\"has-text-align-center has-vivid-red-color has-text-color has-link-color wp-elements-e066598564d3833da150f8ed32f53c22\" style=\"font-size:41px\"><strong>Sin ingreso a cohorte 2026<\/strong><\/p>\n\n\n\n<div class=\"wp-block-cover aligncenter has-custom-content-position is-position-bottom-center\" style=\"min-height:170px;aspect-ratio:unset;\"><img fetchpriority=\"high\" decoding=\"async\" width=\"624\" height=\"539\" class=\"wp-block-cover__image-background wp-image-359\" alt=\"\" src=\"https:\/\/escueladecinemza.com.ar\/web\/wp-content\/uploads\/2023\/02\/foji.png\" style=\"object-position:50% 45%\" data-object-fit=\"cover\" data-object-position=\"50% 45%\" srcset=\"https:\/\/escueladecinemza.com.ar\/web\/wp-content\/uploads\/2023\/02\/foji.png 624w, https:\/\/escueladecinemza.com.ar\/web\/wp-content\/uploads\/2023\/02\/foji-300x259.png 300w\" sizes=\"(max-width: 624px) 100vw, 624px\" \/><span aria-hidden=\"true\" class=\"wp-block-cover__background has-background-dim\"><\/span><div class=\"wp-block-cover__inner-container is-layout-flow wp-block-cover-is-layout-flow\">\n<h1 class=\"wp-block-heading alignwide has-text-align-center\" style=\"font-size:60px\"><strong>Tecnicatura Superior en Fotograf\u00eda Profesional a Distancia<\/strong><\/h1>\n<\/div><\/div>\n\n\n\n<p><\/p>\n\n\n\n<h2 class=\"wp-block-heading alignwide has-text-align-center has-x-large-font-size\" style=\"font-style:normal;font-weight:700\">Plan de Estudios<\/h2>\n\n\n\n<h4 class=\"wp-block-heading has-text-align-center has-contrast-2-color has-text-color\">Materias de la <strong>Tecnicatura Superior en Fotograf\u00eda Profesional a Distancia<\/strong><\/h4>\n\n\n\n<div class=\"wp-block-columns is-layout-flex wp-container-core-columns-is-layout-9d6595d7 wp-block-columns-is-layout-flex\">\n<div class=\"wp-block-column is-layout-flow wp-block-column-is-layout-flow\">\n<h3 class=\"wp-block-heading has-text-align-left\"><strong>Primer A\u00f1o<\/strong><\/h3>\n\n\n\n<ul class=\"wp-block-list\">\n<li>Tecnolog\u00eda Fotogr\u00e1fica<\/li>\n\n\n\n<li>An\u00e1lisis de Composici\u00f3n Fotogr\u00e1fica<\/li>\n\n\n\n<li>Vestuario y Maquillaje <\/li>\n\n\n\n<li>Taller de Pr\u00e1ctica Profesionalizante I<\/li>\n\n\n\n<li>Creatividad aplicada a la Fotograf\u00eda<\/li>\n\n\n\n<li>Inform\u00e1tica aplicada y Redes sociales<\/li>\n\n\n\n<li>Dise\u00f1o Fotogr\u00e1fico I<\/li>\n\n\n\n<li>Boceto Fotogr\u00e1fico<\/li>\n\n\n\n<li>Panorama Hist\u00f3rico de las Artes Visuales<\/li>\n\n\n\n<li>Pr\u00e1cticas de Lectura, Escritura y Oralidad<\/li>\n\n\n\n<li>Ingles T\u00e9cnico<\/li>\n<\/ul>\n<\/div>\n\n\n\n<div class=\"wp-block-column is-layout-flow wp-block-column-is-layout-flow\">\n<h3 class=\"wp-block-heading has-text-align-left\"><strong>Segundo A\u00f1o<\/strong><\/h3>\n\n\n\n<ul class=\"wp-block-list\">\n<li>Pr\u00e1ctica Profesional de Laboratorio<\/li>\n\n\n\n<li>Fotograf\u00eda Patrimonial, Arquitectura, Sitios y paisajes<\/li>\n\n\n\n<li>Taller de Videofilmaci\u00f3n<\/li>\n\n\n\n<li>Muestras de Foto-arte y Curadur\u00eda<\/li>\n\n\n\n<li>Recursos Escenogr\u00e1ficos<\/li>\n\n\n\n<li>Herramientas de la Fotograf\u00eda Digital I<\/li>\n\n\n\n<li>Historia de la Fotograf\u00eda<\/li>\n\n\n\n<li>Dise\u00f1o Fotogr\u00e1fico II<\/li>\n\n\n\n<li>Taller de Pr\u00e1ctica Profesionalizante II<\/li>\n\n\n\n<li>Lenguaje Visual<\/li>\n\n\n\n<li>Percepci\u00f3n Visual y Psicolog\u00eda Social<\/li>\n\n\n\n<li>Problem\u00e1tica Socio Cultural y del Contexto<\/li>\n<\/ul>\n<\/div>\n\n\n\n<div class=\"wp-block-column is-layout-flow wp-block-column-is-layout-flow\">\n<h3 class=\"wp-block-heading has-text-align-left\"><strong>Tercer A\u00f1o<\/strong><\/h3>\n\n\n\n<ul class=\"wp-block-list\">\n<li>Dise\u00f1o Pubicitario<\/li>\n\n\n\n<li>Fotograf\u00eda Creativa en Ambientes Naturales<\/li>\n\n\n\n<li>Fotograf\u00eda de Eventos Sociales<\/li>\n\n\n\n<li>Taller de Fotoperiodismo<\/li>\n\n\n\n<li>Herramientas de la Fotograf\u00eda Digital II<\/li>\n\n\n\n<li>Pr\u00e1ctica Profesional<\/li>\n\n\n\n<li>Video Profesional y Sonido<\/li>\n\n\n\n<li>Mercadotecnia para PYMES y Microemprendimientos<\/li>\n\n\n\n<li>\u00c9tica Fotogr\u00e1fica<\/li>\n\n\n\n<li>Formulaci\u00f3n de Proyectos Fotogr\u00e1ficos<\/li>\n<\/ul>\n<\/div>\n<\/div>\n\n\n\n<h6 class=\"wp-block-heading has-text-align-center has-accent-color has-text-color has-medium-font-size\" style=\"font-style:normal;font-weight:700\">Duraci\u00f3n de la carrera: 3 a\u00f1os<\/h6>\n","protected":false},"excerpt":{"rendered":"<p>Sin ingreso a cohorte 2026 Plan de Estudios Materias de la Tecnicatura Superior en Fotograf\u00eda Profesional a Distancia Primer A\u00f1o Segundo A\u00f1o Tercer A\u00f1o Duraci\u00f3n de la carrera: 3 a\u00f1os<\/p>\n","protected":false},"author":6,"featured_media":0,"parent":0,"menu_order":0,"comment_status":"closed","ping_status":"closed","template":"","meta":{"ngg_post_thumbnail":0,"footnotes":""},"class_list":["post-783","page","type-page","status-publish","hentry"],"_links":{"self":[{"href":"https:\/\/escueladecinemza.com.ar\/web\/wp-json\/wp\/v2\/pages\/783","targetHints":{"allow":["GET"]}}],"collection":[{"href":"https:\/\/escueladecinemza.com.ar\/web\/wp-json\/wp\/v2\/pages"}],"about":[{"href":"https:\/\/escueladecinemza.com.ar\/web\/wp-json\/wp\/v2\/types\/page"}],"author":[{"embeddable":true,"href":"https:\/\/escueladecinemza.com.ar\/web\/wp-json\/wp\/v2\/users\/6"}],"replies":[{"embeddable":true,"href":"https:\/\/escueladecinemza.com.ar\/web\/wp-json\/wp\/v2\/comments?post=783"}],"version-history":[{"count":10,"href":"https:\/\/escueladecinemza.com.ar\/web\/wp-json\/wp\/v2\/pages\/783\/revisions"}],"predecessor-version":[{"id":1244,"href":"https:\/\/escueladecinemza.com.ar\/web\/wp-json\/wp\/v2\/pages\/783\/revisions\/1244"}],"wp:attachment":[{"href":"https:\/\/escueladecinemza.com.ar\/web\/wp-json\/wp\/v2\/media?parent=783"}],"curies":[{"name":"wp","href":"https:\/\/api.w.org\/{rel}","templated":true}]}}