{"id":190,"date":"2020-09-17T19:52:22","date_gmt":"2020-09-17T19:52:22","guid":{"rendered":"http:\/\/escueladecinemza.com.ar\/web\/?page_id=190"},"modified":"2025-04-21T23:26:36","modified_gmt":"2025-04-21T23:26:36","slug":"secretaria-academica","status":"publish","type":"page","link":"https:\/\/escueladecinemza.com.ar\/web\/secretaria-academica\/","title":{"rendered":"Secretar\u00eda Acad\u00e9mica"},"content":{"rendered":"\n<p>La Secretar\u00eda Acad\u00e9mica informa que:<\/p>\n\n\n\n<p>Todos los miembros de la comunidad educativa que necesiten certificaciones tales como de alumno regular, de servicios, de anal\u00edtico provisorio, certificado de finalizaci\u00f3n de estudios y de anal\u00edtico en tr\u00e1mite, etc.                                                                                                                                Los alumnos que requieran tr\u00e1mites de equivalencia de materias rendidas en otras carreras.                                                                                                 Cartas de recomendaci\u00f3n para presentaci\u00f3n en festivales, subsidios, concursos, etc. Y cualquier otro tr\u00e1mite que requiera de la secretar\u00eda o bedel\u00eda, que sea estrictamente necesario. Enviar<strong> un email a solicitando lo que necesitan. En cada caso se evaluar\u00e1 si es suficiente con el documento en formato digital o si es imprescindible que vaya en f\u00edsico.<\/strong><\/p>\n\n\n\n<p><strong>Secrataria Acad\u00e9mica:<\/strong> Lic. Laura Valdivieso <\/p>\n\n\n\n<p>escuelamzacine@gmail.com<\/p>\n\n\n\n<p>Bedel\u00eda: <\/p>\n\n\n\n<p>CINE: escinesecretacadem@gmail.com<\/p>\n\n\n\n<p>FOTOGRAF\u00cdA: fotografiacreativa2023@gmail.com<\/p>\n\n\n\n<p><\/p>\n","protected":false},"excerpt":{"rendered":"<p>La Secretar\u00eda Acad\u00e9mica informa que: Todos los miembros de la comunidad educativa que necesiten certificaciones tales como de alumno regular, de servicios, de anal\u00edtico provisorio, certificado de finalizaci\u00f3n de estudios y de anal\u00edtico en tr\u00e1mite, etc. Los alumnos que requieran tr\u00e1mites de equivalencia de materias rendidas en otras carreras. Cartas de recomendaci\u00f3n para presentaci\u00f3n en &#8230; <a title=\"Secretar\u00eda Acad\u00e9mica\" class=\"read-more\" href=\"https:\/\/escueladecinemza.com.ar\/web\/secretaria-academica\/\" aria-label=\"M\u00e1s en Secretar\u00eda Acad\u00e9mica\">Leer m\u00e1s<\/a><\/p>\n","protected":false},"author":2,"featured_media":0,"parent":0,"menu_order":0,"comment_status":"closed","ping_status":"closed","template":"","meta":{"ngg_post_thumbnail":0,"footnotes":""},"class_list":["post-190","page","type-page","status-publish","hentry"],"_links":{"self":[{"href":"https:\/\/escueladecinemza.com.ar\/web\/wp-json\/wp\/v2\/pages\/190","targetHints":{"allow":["GET"]}}],"collection":[{"href":"https:\/\/escueladecinemza.com.ar\/web\/wp-json\/wp\/v2\/pages"}],"about":[{"href":"https:\/\/escueladecinemza.com.ar\/web\/wp-json\/wp\/v2\/types\/page"}],"author":[{"embeddable":true,"href":"https:\/\/escueladecinemza.com.ar\/web\/wp-json\/wp\/v2\/users\/2"}],"replies":[{"embeddable":true,"href":"https:\/\/escueladecinemza.com.ar\/web\/wp-json\/wp\/v2\/comments?post=190"}],"version-history":[{"count":7,"href":"https:\/\/escueladecinemza.com.ar\/web\/wp-json\/wp\/v2\/pages\/190\/revisions"}],"predecessor-version":[{"id":880,"href":"https:\/\/escueladecinemza.com.ar\/web\/wp-json\/wp\/v2\/pages\/190\/revisions\/880"}],"wp:attachment":[{"href":"https:\/\/escueladecinemza.com.ar\/web\/wp-json\/wp\/v2\/media?parent=190"}],"curies":[{"name":"wp","href":"https:\/\/api.w.org\/{rel}","templated":true}]}}