{"id":178,"date":"2020-09-08T02:47:42","date_gmt":"2020-09-08T02:47:42","guid":{"rendered":"http:\/\/escueladecinemza.com.ar\/web\/?page_id=178"},"modified":"2024-07-29T23:12:00","modified_gmt":"2024-07-29T23:12:00","slug":"cooperadora","status":"publish","type":"page","link":"https:\/\/escueladecinemza.com.ar\/web\/cooperadora\/","title":{"rendered":"Cooperadora"},"content":{"rendered":"\n<p>    La Cooperadora es un cuerpo formado por estudiantes y<br>personal de la Escuela, cuya funci\u00f3n es recaudar y administrar<br>fondos para el mantenimiento de los equipos usados en el dictado<br>de clases y en la realizaci\u00f3n de trabajos pr\u00e1cticos. Adem\u00e1s, se<br>encarga de solventar todas aquellas necesidades que no son<br>contempladas por el presupuesto de la Direcci\u00f3n General de<br>Escuelas.<br>Para ser socio de la Cooperadora, deber\u00e1 abonarse una cuota<br>mensual.<\/p>\n\n\n\n<p><strong>Autoridades:<\/strong><\/p>\n\n\n\n<p> Presidente: Rodolfo Ya\u00f1ez &#8211; Secretario: Santiago Ferreyra &#8211; Tesorero: Carlos Alcalde &#8211; Primer Vocal: Gaspar G\u00f3mez &#8211; Segundo Vocal: Hern\u00e1n Gonz\u00e1lez &#8211; Vocales suplentes: Gustavo Casanova y Noelia Viola &#8211; Revisor de Cuentas: Mario Sall\u00e9s <\/p>\n\n\n\n<p>Contacto: coopescuelacine@gmail.com<\/p>\n","protected":false},"excerpt":{"rendered":"<p>La Cooperadora es un cuerpo formado por estudiantes ypersonal de la Escuela, cuya funci\u00f3n es recaudar y administrarfondos para el mantenimiento de los equipos usados en el dictadode clases y en la realizaci\u00f3n de trabajos pr\u00e1cticos. Adem\u00e1s, seencarga de solventar todas aquellas necesidades que no soncontempladas por el presupuesto de la Direcci\u00f3n General deEscuelas.Para ser &#8230; <a title=\"Cooperadora\" class=\"read-more\" href=\"https:\/\/escueladecinemza.com.ar\/web\/cooperadora\/\" aria-label=\"M\u00e1s en Cooperadora\">Leer m\u00e1s<\/a><\/p>\n","protected":false},"author":2,"featured_media":0,"parent":0,"menu_order":0,"comment_status":"closed","ping_status":"closed","template":"","meta":{"ngg_post_thumbnail":0,"footnotes":""},"class_list":["post-178","page","type-page","status-publish","hentry"],"_links":{"self":[{"href":"https:\/\/escueladecinemza.com.ar\/web\/wp-json\/wp\/v2\/pages\/178","targetHints":{"allow":["GET"]}}],"collection":[{"href":"https:\/\/escueladecinemza.com.ar\/web\/wp-json\/wp\/v2\/pages"}],"about":[{"href":"https:\/\/escueladecinemza.com.ar\/web\/wp-json\/wp\/v2\/types\/page"}],"author":[{"embeddable":true,"href":"https:\/\/escueladecinemza.com.ar\/web\/wp-json\/wp\/v2\/users\/2"}],"replies":[{"embeddable":true,"href":"https:\/\/escueladecinemza.com.ar\/web\/wp-json\/wp\/v2\/comments?post=178"}],"version-history":[{"count":5,"href":"https:\/\/escueladecinemza.com.ar\/web\/wp-json\/wp\/v2\/pages\/178\/revisions"}],"predecessor-version":[{"id":217,"href":"https:\/\/escueladecinemza.com.ar\/web\/wp-json\/wp\/v2\/pages\/178\/revisions\/217"}],"wp:attachment":[{"href":"https:\/\/escueladecinemza.com.ar\/web\/wp-json\/wp\/v2\/media?parent=178"}],"curies":[{"name":"wp","href":"https:\/\/api.w.org\/{rel}","templated":true}]}}