{"id":137,"date":"2020-08-05T04:56:35","date_gmt":"2020-08-05T04:56:35","guid":{"rendered":"http:\/\/escueladecinemza.com.ar\/web\/?page_id=137"},"modified":"2026-04-16T19:29:35","modified_gmt":"2026-04-16T19:29:35","slug":"plan-de-estudios","status":"publish","type":"page","link":"https:\/\/escueladecinemza.com.ar\/web\/plan-de-estudios\/","title":{"rendered":"Plan de Estudios"},"content":{"rendered":"\n<div class=\"wp-block-cover alignfull\"><img fetchpriority=\"high\" decoding=\"async\" width=\"2048\" height=\"1537\" class=\"wp-block-cover__image-background wp-image-140\" alt=\"\" src=\"https:\/\/escueladecinemza.com.ar\/web\/wp-content\/uploads\/2020\/08\/balckmagic.jpg\" style=\"object-position:59% 22%\" data-object-fit=\"cover\" data-object-position=\"59% 22%\" srcset=\"https:\/\/escueladecinemza.com.ar\/web\/wp-content\/uploads\/2020\/08\/balckmagic.jpg 2048w, https:\/\/escueladecinemza.com.ar\/web\/wp-content\/uploads\/2020\/08\/balckmagic-300x225.jpg 300w, https:\/\/escueladecinemza.com.ar\/web\/wp-content\/uploads\/2020\/08\/balckmagic-1024x769.jpg 1024w, https:\/\/escueladecinemza.com.ar\/web\/wp-content\/uploads\/2020\/08\/balckmagic-768x576.jpg 768w, https:\/\/escueladecinemza.com.ar\/web\/wp-content\/uploads\/2020\/08\/balckmagic-1536x1153.jpg 1536w\" sizes=\"(max-width: 2048px) 100vw, 2048px\" \/><span aria-hidden=\"true\" class=\"wp-block-cover__background has-background-dim\"><\/span><div class=\"wp-block-cover__inner-container is-layout-flow wp-block-cover-is-layout-flow\">\n<div class=\"wp-block-columns alignwide is-layout-flex wp-container-core-columns-is-layout-9d6595d7 wp-block-columns-is-layout-flex\">\n<div class=\"wp-block-column is-layout-flow wp-block-column-is-layout-flow\">\n<div style=\"height:109px\" aria-hidden=\"true\" class=\"wp-block-spacer\"><\/div>\n\n\n\n<p class=\"has-text-align-center wp-block-heading has-white-color has-text-color\" style=\"font-size:55px\"><strong>Tecnicatura Superior en Cine, Video y Televisi\u00f3n<\/strong><\/p>\n<\/div>\n<\/div>\n<\/div><\/div>\n\n\n\n<div style=\"height:28px\" aria-hidden=\"true\" class=\"wp-block-spacer\"><\/div>\n\n\n\n<p class=\"has-black-color has-text-color has-link-color wp-elements-4d1db6ad52769a60f3a2eebe42d86931\" style=\"font-size:24px\"><strong><em>T\u00cdTULO QUE OTORGA: T\u00e9cnico Superior en Cine, Video y Televisi\u00f3n<\/em><\/strong><\/p>\n\n\n\n<p>CARGA HORARIA: 3660hs. C\u00e1tedra \u2013 2440 hs. Reloj.<\/p>\n\n\n\n<p>MODALIDAD: Presencial (Virtual 30% de la carga horaria de cada materia)<\/p>\n\n\n\n<p>FORMATO DE LA CARRERA: Disciplinar.<\/p>\n\n\n\n<p>DURACI\u00d3N: 4 a\u00f1os.<\/p>\n\n\n\n<p><\/p>\n\n\n\n<p class=\"has-black-color has-text-color has-link-color has-medium-font-size wp-elements-19b7f4160ec335404d71a5ffa61bb94f\"><strong><em>Competencias de la carrera:<\/em><\/strong><\/p>\n\n\n\n<ul class=\"wp-block-list\">\n<li>Desarrollar habilidades para dise\u00f1ar, preproducir, producir y post-producir materiales audiovisuales, que involucren las tecnolog\u00edas del cine, el video y la televisi\u00f3n.<\/li>\n\n\n\n<li>Autogestionar proyectos culturales y art\u00edsticos, vinculados al lenguaje audiovisual.<\/li>\n\n\n\n<li>Desarrollar habilidades para implementar microemprendimientos, dentro del \u00e1mbito de la tecnolog\u00eda audiovisual, favoreciendo as\u00ed alternativas de inserci\u00f3n laboral no tradicionales.<\/li>\n\n\n\n<li>Analizar las producciones audiovisuales vinculadas al cine, la televisi\u00f3n y el video, asumiendo una actitud cr\u00edtica y reflexiva.<\/li>\n<\/ul>\n\n\n\n<h3 class=\"wp-block-heading has-medium-font-size\"><em><strong>Perfil del egresado:<\/strong><\/em><\/h3>\n\n\n\n<ul class=\"wp-block-list\">\n<li>La Producci\u00f3n de materiales audiovisuales en las Productoras de Servicios Audiovisuales para Cine y Televisi\u00f3n.<\/li>\n\n\n\n<li>Producci\u00f3n y desempe\u00f1o en roles t\u00e9cnicos, y de direcci\u00f3n general, fotograf\u00eda, sonido, maquillaje, edici\u00f3n y todo lo que competa a la Industria Cinematogr\u00e1fica y en Canales de Televisi\u00f3n.<\/li>\n<\/ul>\n\n\n\n<hr class=\"wp-block-separator has-alpha-channel-opacity\"\/>\n\n\n\n<figure class=\"wp-block-gallery aligncenter has-nested-images columns-default is-cropped wp-block-gallery-1 is-layout-flex wp-block-gallery-is-layout-flex\">\n<figure class=\"wp-block-image size-medium\"><img decoding=\"async\" width=\"300\" height=\"225\" data-id=\"140\" src=\"http:\/\/escueladecinemza.com.ar\/web\/wp-content\/uploads\/2020\/08\/balckmagic-300x225.jpg\" alt=\"\" class=\"wp-image-140\" srcset=\"https:\/\/escueladecinemza.com.ar\/web\/wp-content\/uploads\/2020\/08\/balckmagic-300x225.jpg 300w, https:\/\/escueladecinemza.com.ar\/web\/wp-content\/uploads\/2020\/08\/balckmagic-1024x769.jpg 1024w, https:\/\/escueladecinemza.com.ar\/web\/wp-content\/uploads\/2020\/08\/balckmagic-768x576.jpg 768w, https:\/\/escueladecinemza.com.ar\/web\/wp-content\/uploads\/2020\/08\/balckmagic-1536x1153.jpg 1536w, https:\/\/escueladecinemza.com.ar\/web\/wp-content\/uploads\/2020\/08\/balckmagic.jpg 2048w\" sizes=\"(max-width: 300px) 100vw, 300px\" \/><\/figure>\n\n\n\n<figure class=\"wp-block-image size-medium\"><img decoding=\"async\" width=\"300\" height=\"168\" data-id=\"142\" src=\"http:\/\/escueladecinemza.com.ar\/web\/wp-content\/uploads\/2020\/08\/IMG_7643-300x168.jpg\" alt=\"\" class=\"wp-image-142\" srcset=\"https:\/\/escueladecinemza.com.ar\/web\/wp-content\/uploads\/2020\/08\/IMG_7643-300x168.jpg 300w, https:\/\/escueladecinemza.com.ar\/web\/wp-content\/uploads\/2020\/08\/IMG_7643-1024x575.jpg 1024w, https:\/\/escueladecinemza.com.ar\/web\/wp-content\/uploads\/2020\/08\/IMG_7643-768x431.jpg 768w, https:\/\/escueladecinemza.com.ar\/web\/wp-content\/uploads\/2020\/08\/IMG_7643-1536x862.jpg 1536w, https:\/\/escueladecinemza.com.ar\/web\/wp-content\/uploads\/2020\/08\/IMG_7643-2048x1150.jpg 2048w\" sizes=\"(max-width: 300px) 100vw, 300px\" \/><\/figure>\n\n\n\n<figure class=\"wp-block-image size-medium\"><img loading=\"lazy\" decoding=\"async\" width=\"300\" height=\"148\" data-id=\"263\" src=\"http:\/\/escueladecinemza.com.ar\/web\/wp-content\/uploads\/2022\/03\/Foto-set-300x148.jpg\" alt=\"\" class=\"wp-image-263\" srcset=\"https:\/\/escueladecinemza.com.ar\/web\/wp-content\/uploads\/2022\/03\/Foto-set-300x148.jpg 300w, https:\/\/escueladecinemza.com.ar\/web\/wp-content\/uploads\/2022\/03\/Foto-set-768x379.jpg 768w, https:\/\/escueladecinemza.com.ar\/web\/wp-content\/uploads\/2022\/03\/Foto-set.jpg 1012w\" sizes=\"(max-width: 300px) 100vw, 300px\" \/><\/figure>\n<\/figure>\n\n\n\n<div style=\"height:21px\" aria-hidden=\"true\" class=\"wp-block-spacer\"><\/div>\n\n\n\n<h2 class=\"wp-block-heading has-text-align-center has-contrast-color has-text-color\" style=\"font-size:24px;font-style:normal;font-weight:700;text-transform:none\">Plan de Estudios<br>Tecnicatura Superior en Cine, Video y Televisi\u00f3n<\/h2>\n\n\n\n<div style=\"height:23px\" aria-hidden=\"true\" class=\"wp-block-spacer\"><\/div>\n\n\n\n<div class=\"wp-block-columns is-layout-flex wp-container-core-columns-is-layout-9d6595d7 wp-block-columns-is-layout-flex\">\n<div class=\"wp-block-column is-layout-flow wp-block-column-is-layout-flow\">\n<h2 class=\"wp-block-heading\" style=\"font-style:normal;font-weight:700\">Primer A\u00f1o<\/h2>\n\n\n\n<ul class=\"wp-block-list\">\n<li>Lenguaje Audiovisual<\/li>\n\n\n\n<li>Guion I<\/li>\n\n\n\n<li>Realizaci\u00f3n I<\/li>\n\n\n\n<li>Producci\u00f3n I<\/li>\n\n\n\n<li>Teor\u00eda y T\u00e9cnica del Montaje<\/li>\n\n\n\n<li>Sonido I<\/li>\n\n\n\n<li>Tecnolog\u00eda Audiovisual I<\/li>\n\n\n\n<li>Iluminaci\u00f3n y C\u00e1mara<\/li>\n\n\n\n<li>Direcci\u00f3n de Actores ante C\u00e1maras I<\/li>\n\n\n\n<li>Historia del Arte<\/li>\n\n\n\n<li>TIC<\/li>\n\n\n\n<li>Pr\u00e1ctica Profesionalizante I (Tutor\u00eda en Campo)<\/li>\n<\/ul>\n<\/div>\n\n\n\n<div class=\"wp-block-column is-vertically-aligned-top is-layout-flow wp-block-column-is-layout-flow\">\n<h2 class=\"wp-block-heading\" style=\"font-style:normal;font-weight:700\">Segundo A\u00f1o<\/h2>\n\n\n\n<ul class=\"wp-block-list\">\n<li>Guion II<\/li>\n\n\n\n<li>Realizaci\u00f3n II<\/li>\n\n\n\n<li>Producci\u00f3n II<\/li>\n\n\n\n<li>Direcci\u00f3n de Fotograf\u00eda<\/li>\n\n\n\n<li>Historia del Lenguaje Cinematogr\u00e1fico<\/li>\n\n\n\n<li>Montaje<\/li>\n\n\n\n<li>Sonido II<\/li>\n\n\n\n<li>Tecnolog\u00eda Audiovisual II<\/li>\n\n\n\n<li>Direcci\u00f3n de Actores ante C\u00e1maras II<\/li>\n\n\n\n<li>Direcci\u00f3n de Arte y Ambientaci\u00f3n<\/li>\n\n\n\n<li>Maquillaje y Vestuario<\/li>\n\n\n\n<li>Pr\u00e1ctica Profesionalizante II<\/li>\n<\/ul>\n<\/div>\n<\/div>\n\n\n\n<div class=\"wp-block-columns is-layout-flex wp-container-core-columns-is-layout-9d6595d7 wp-block-columns-is-layout-flex\">\n<div class=\"wp-block-column is-layout-flow wp-block-column-is-layout-flow\">\n<h2 class=\"wp-block-heading\" style=\"font-style:normal;font-weight:700\">Tercer A\u00f1o<\/h2>\n\n\n\n<ul class=\"wp-block-list\">\n<li>Guion III<\/li>\n\n\n\n<li>Realizaci\u00f3n III<\/li>\n\n\n\n<li>Ingl\u00e9s T\u00e9cnico<\/li>\n\n\n\n<li>Realizaci\u00f3n de TV<\/li>\n\n\n\n<li>Producci\u00f3n de TV<\/li>\n\n\n\n<li>Teor\u00eda del Cine y la TV<\/li>\n\n\n\n<li>Direcci\u00f3n de Arte<\/li>\n\n\n\n<li>Escenograf\u00eda y Utiler\u00eda<\/li>\n\n\n\n<li>Maquillaje y Vestuario<\/li>\n\n\n\n<li>Semi\u00f3tica<\/li>\n\n\n\n<li>Est\u00e9tica<\/li>\n\n\n\n<li>Problem\u00e1tica Socio Cultural y el Contexto<\/li>\n\n\n\n<li>Animaci\u00f3n I<\/li>\n\n\n\n<li>Pr\u00e1ctica Profesionalizante III<\/li>\n<\/ul>\n<\/div>\n\n\n\n<div class=\"wp-block-column is-layout-flow wp-block-column-is-layout-flow\">\n<h2 class=\"wp-block-heading\" style=\"font-style:normal;font-weight:700\">Cuarto A\u00f1o<\/h2>\n\n\n\n<ul class=\"wp-block-list\">\n<li>Producci\u00f3n III<\/li>\n\n\n\n<li>Tutor\u00eda de Guion<\/li>\n\n\n\n<li>Tutor\u00eda de Direcci\u00f3n<\/li>\n\n\n\n<li>Postproducci\u00f3n de Imagen<\/li>\n\n\n\n<li>Animaci\u00f3n II<\/li>\n\n\n\n<li>G\u00e9neros Visuales Contempor\u00e1neos<\/li>\n\n\n\n<li>Historia del Cine Argentino y Latinoamericano<\/li>\n\n\n\n<li>Historia de la Cultura Argentina<\/li>\n\n\n\n<li>Postproducci\u00f3n de Sonido<\/li>\n\n\n\n<li>Taller de Direcci\u00f3n de Actores<\/li>\n\n\n\n<li>Pr\u00e1ctica Profesionalizante Final<\/li>\n<\/ul>\n<\/div>\n<\/div>\n\n\n\n<hr class=\"wp-block-separator has-alpha-channel-opacity\"\/>\n\n\n\n<div class=\"wp-block-columns is-layout-flex wp-container-core-columns-is-layout-9d6595d7 wp-block-columns-is-layout-flex\">\n<div class=\"wp-block-column is-layout-flow wp-block-column-is-layout-flow\">\n<p class=\"has-text-align-right has-accent-color has-text-color has-medium-font-size\"><em>Informaci\u00f3n y Contacto:<\/em><\/p>\n<\/div>\n\n\n\n<div class=\"wp-block-column is-layout-flow wp-block-column-is-layout-flow\">\n<h6 class=\"wp-block-heading\" style=\"font-size:22px\"><strong>Espacio Cultural Julio Le Parc<\/strong><\/h6>\n\n\n\n<h4 class=\"wp-block-heading has-accent-color has-text-color\" id=\"block-52d29c54-6195-4cb0-9cff-25f7cdfecfd8\" style=\"font-size:21px\"><em>Mitre esq. Godoy Cruz Guaymall\u00e9n &#8211; Mendoza                           <\/em><\/h4>\n\n\n\n<p id=\"block-52d29c54-6195-4cb0-9cff-25f7cdfecfd8\"><em>Horarios de atenci\u00f3n: Lunes a Viernes de 18:00 a 21:30hs.<br>Email:&nbsp;<\/em><a href=\"mailto:dget9017@mendoza.edu.ar\" target=\"_blank\" rel=\"noreferrer noopener\">dget9017@mendoza.edu.ar<\/a><em><br><\/em><\/p>\n<\/div>\n<\/div>\n\n\n\n<p><\/p>\n","protected":false},"excerpt":{"rendered":"<p>T\u00cdTULO QUE OTORGA: T\u00e9cnico Superior en Cine, Video y Televisi\u00f3n CARGA HORARIA: 3660hs. C\u00e1tedra \u2013 2440 hs. Reloj. MODALIDAD: Presencial (Virtual 30% de la carga horaria de cada materia) FORMATO DE LA CARRERA: Disciplinar. DURACI\u00d3N: 4 a\u00f1os. Competencias de la carrera: Perfil del egresado: Plan de EstudiosTecnicatura Superior en Cine, Video y Televisi\u00f3n Primer A\u00f1o &#8230; <a title=\"Plan de Estudios\" class=\"read-more\" href=\"https:\/\/escueladecinemza.com.ar\/web\/plan-de-estudios\/\" aria-label=\"M\u00e1s en Plan de Estudios\">Leer m\u00e1s<\/a><\/p>\n","protected":false},"author":2,"featured_media":0,"parent":0,"menu_order":0,"comment_status":"closed","ping_status":"closed","template":"","meta":{"ngg_post_thumbnail":0,"footnotes":""},"class_list":["post-137","page","type-page","status-publish","hentry"],"_links":{"self":[{"href":"https:\/\/escueladecinemza.com.ar\/web\/wp-json\/wp\/v2\/pages\/137","targetHints":{"allow":["GET"]}}],"collection":[{"href":"https:\/\/escueladecinemza.com.ar\/web\/wp-json\/wp\/v2\/pages"}],"about":[{"href":"https:\/\/escueladecinemza.com.ar\/web\/wp-json\/wp\/v2\/types\/page"}],"author":[{"embeddable":true,"href":"https:\/\/escueladecinemza.com.ar\/web\/wp-json\/wp\/v2\/users\/2"}],"replies":[{"embeddable":true,"href":"https:\/\/escueladecinemza.com.ar\/web\/wp-json\/wp\/v2\/comments?post=137"}],"version-history":[{"count":34,"href":"https:\/\/escueladecinemza.com.ar\/web\/wp-json\/wp\/v2\/pages\/137\/revisions"}],"predecessor-version":[{"id":1242,"href":"https:\/\/escueladecinemza.com.ar\/web\/wp-json\/wp\/v2\/pages\/137\/revisions\/1242"}],"wp:attachment":[{"href":"https:\/\/escueladecinemza.com.ar\/web\/wp-json\/wp\/v2\/media?parent=137"}],"curies":[{"name":"wp","href":"https:\/\/api.w.org\/{rel}","templated":true}]}}